{"id":206,"date":"2024-11-29T17:10:00","date_gmt":"2024-11-29T17:10:00","guid":{"rendered":"https:\/\/www.gemeinde-ramstedt.de\/?page_id=206"},"modified":"2026-04-13T09:55:25","modified_gmt":"2026-04-13T09:55:25","slug":"sv-ramstedt","status":"publish","type":"page","link":"https:\/\/gemeinde-ramstedt.de\/?page_id=206","title":{"rendered":"SV Ramstedt e.V."},"content":{"rendered":"<p>[et_pb_section fb_built=&#8220;1&#8243; fullwidth=&#8220;on&#8220; _builder_version=&#8220;4.27.3&#8243; background_color=&#8220;#2ea3f2&#8243; use_background_color_gradient=&#8220;on&#8220; background_color_gradient_direction=&#8220;330deg&#8220; background_color_gradient_stops=&#8220;#2ea3f2 0%|#2e6df4 100%&#8220; background_color_gradient_start=&#8220;#2ea3f2&#8243; background_color_gradient_end=&#8220;#2e6df4&#8243; sticky_position=&#8220;top&#8220; global_colors_info=&#8220;{}&#8220;][et_pb_fullwidth_menu active_link_color=&#8220;#FFFFFF&#8220; logo=&#8220;https:\/\/www.gemeinde-ramstedt.de\/wp-content\/uploads\/2024\/11\/Ramstedt_Wappen.png&#8220; logo_width=&#8220;10%&#8220; logo_max_height=&#8220;70px&#8220; show_search_icon=&#8220;on&#8220; cart_icon_color=&#8220;RGBA(255,255,255,0)&#8220; search_icon_color=&#8220;#FFFFFF&#8220; menu_icon_color=&#8220;#FFFFFF&#8220; logo_width_tablet=&#8220;50%&#8220; logo_width_phone=&#8220;50%&#8220; logo_width_last_edited=&#8220;on|phone&#8220; logo_height_tablet=&#8220;&#8220; logo_height_phone=&#8220;&#8220; logo_height_last_edited=&#8220;on|tablet&#8220; logo_max_height_tablet=&#8220;50px&#8220; logo_max_height_phone=&#8220;50px&#8220; logo_max_height_last_edited=&#8220;on|desktop&#8220; _builder_version=&#8220;4.27.4&#8243; _module_preset=&#8220;default&#8220; menu_text_color=&#8220;#FFFFFF&#8220; background_color=&#8220;#09b30a&#8220; module_alignment=&#8220;center&#8220; sticky_position=&#8220;top&#8220; menu_text_shadow_style=&#8220;preset1&#8243; global_colors_info=&#8220;{}&#8220;][\/et_pb_fullwidth_menu][\/et_pb_section][et_pb_section fb_built=&#8220;1&#8243; admin_label=&#8220;section&#8220; _builder_version=&#8220;4.16&#8243; global_colors_info=&#8220;{}&#8220;][et_pb_row admin_label=&#8220;row&#8220; _builder_version=&#8220;4.27.4&#8243; background_image=&#8220;https:\/\/www.gemeinde-ramstedt.de\/wp-content\/uploads\/2024\/11\/Sportplatz-scaled.jpg&#8220; background_position=&#8220;top_left&#8220; background_horizontal_offset=&#8220;0%&#8220; background_vertical_offset=&#8220;36%&#8220; min_height=&#8220;260px&#8220; custom_padding=&#8220;||28px|||&#8220; global_colors_info=&#8220;{}&#8220;][et_pb_column type=&#8220;4_4&#8243; _builder_version=&#8220;4.16&#8243; custom_padding=&#8220;|||&#8220; global_colors_info=&#8220;{}&#8220; custom_padding__hover=&#8220;|||&#8220;][\/et_pb_column][\/et_pb_row][et_pb_row _builder_version=&#8220;4.27.3&#8243; _module_preset=&#8220;default&#8220; global_colors_info=&#8220;{}&#8220;][et_pb_column type=&#8220;4_4&#8243; _builder_version=&#8220;4.27.3&#8243; _module_preset=&#8220;default&#8220; global_colors_info=&#8220;{}&#8220;][et_pb_heading title=&#8220;SV Ramstedt e.V.&#8220; _builder_version=&#8220;4.27.4&#8243; _module_preset=&#8220;default&#8220; global_colors_info=&#8220;{}&#8220;][\/et_pb_heading][\/et_pb_column][\/et_pb_row][et_pb_row column_structure=&#8220;1_3,2_3&#8243; _builder_version=&#8220;4.27.4&#8243; _module_preset=&#8220;default&#8220; global_colors_info=&#8220;{}&#8220;][et_pb_column type=&#8220;1_3&#8243; _builder_version=&#8220;4.27.4&#8243; _module_preset=&#8220;default&#8220; global_colors_info=&#8220;{}&#8220;][et_pb_image src=&#8220;https:\/\/www.gemeinde-ramstedt.de\/wp-content\/uploads\/2024\/11\/Sportplatz3-1-scaled.jpg&#8220; title_text=&#8220;Sportplatz3&#8243; _builder_version=&#8220;4.27.4&#8243; _module_preset=&#8220;default&#8220; global_colors_info=&#8220;{}&#8220;][\/et_pb_image][\/et_pb_column][et_pb_column type=&#8220;2_3&#8243; _builder_version=&#8220;4.27.4&#8243; _module_preset=&#8220;default&#8220; global_colors_info=&#8220;{}&#8220;][et_pb_heading title=&#8220;Chronik&#8220; _builder_version=&#8220;4.27.4&#8243; _module_preset=&#8220;default&#8220; title_level=&#8220;h2&#8243; global_colors_info=&#8220;{}&#8220;][\/et_pb_heading][et_pb_text _builder_version=&#8220;4.27.4&#8243; _module_preset=&#8220;default&#8220; global_colors_info=&#8220;{}&#8220;]<\/p>\n<p>Der Sportverein Ramstedt wurde am 13.03.1987 gegr\u00fcndet.<\/p>\n<p>Urspr\u00fcnglich kam man damals zusammen, um Trikots anzuschaffen, denn es hatten sich einige Fu\u00dfballbegeisterte zusammengefunden, die gegen andere Mannschaften antreten wollten, und dies nat\u00fcrlich in standesgem\u00e4\u00dfer Kleidung.<\/p>\n<p>W\u00e4hrend dieser langen mit endlosen Diskussionen versehenen Versammlung entstand ein neuer Verein, der SV Ramstedt. Eine Sponsorin, die dem Verein Trainingsanz\u00fcge finanzierte wurde auch gefunden. Uschi Edler, die Inhaberin der Gastst\u00e4tte Ramstedt-Krog war die erste Sponsorin<\/p>\n<p>[\/et_pb_text][\/et_pb_column][\/et_pb_row][et_pb_row column_structure=&#8220;1_2,1_2&#8243; _builder_version=&#8220;4.27.4&#8243; _module_preset=&#8220;default&#8220; global_colors_info=&#8220;{}&#8220;][et_pb_column type=&#8220;1_2&#8243; _builder_version=&#8220;4.27.4&#8243; _module_preset=&#8220;default&#8220; global_colors_info=&#8220;{}&#8220;][et_pb_heading title=&#8220;Vorstand&#8220; _builder_version=&#8220;4.27.4&#8243; _module_preset=&#8220;default&#8220; global_colors_info=&#8220;{}&#8220;][\/et_pb_heading][et_pb_text _builder_version=&#8220;4.27.4&#8243; _module_preset=&#8220;default&#8220; global_colors_info=&#8220;{}&#8220;]<\/p>\n<table border=\"1\" style=\"border-collapse: collapse; width: 100%;\">\n<tbody>\n<tr>\n<td style=\"width: 50%;\"><strong>Vorsitzender<\/strong><\/td>\n<td style=\"width: 50%;\"><strong>stellv. Vorsitzender<\/strong><\/td>\n<\/tr>\n<tr>\n<td style=\"width: 50%;\">Malte Krieger<\/td>\n<td style=\"width: 50%;\">Jannis Petersen<\/td>\n<\/tr>\n<\/tbody>\n<\/table>\n<p>[\/et_pb_text][\/et_pb_column][et_pb_column type=&#8220;1_2&#8243; _builder_version=&#8220;4.27.4&#8243; _module_preset=&#8220;default&#8220; global_colors_info=&#8220;{}&#8220;][et_pb_image src=&#8220;https:\/\/gemeinde-ramstedt.de\/wp-content\/uploads\/2025\/03\/SV-Ramstedt.jpg&#8220; title_text=&#8220;SV Ramstedt&#8220; src_tablet=&#8220;&#8220; src_phone=&#8220;&#8220; src_last_edited=&#8220;on|desktop&#8220; _builder_version=&#8220;4.27.4&#8243; _module_preset=&#8220;default&#8220; global_colors_info=&#8220;{}&#8220;][\/et_pb_image][et_pb_social_media_follow _builder_version=&#8220;4.27.4&#8243; _module_preset=&#8220;default&#8220; global_colors_info=&#8220;{}&#8220;][et_pb_social_media_follow_network social_network=&#8220;facebook&#8220; _builder_version=&#8220;4.27.4&#8243; _module_preset=&#8220;default&#8220; background_color=&#8220;#3b5998&#8243; global_colors_info=&#8220;{}&#8220; follow_button=&#8220;off&#8220; url_new_window=&#8220;on&#8220;]facebook[\/et_pb_social_media_follow_network][et_pb_social_media_follow_network social_network=&#8220;twitter&#8220; _builder_version=&#8220;4.27.4&#8243; _module_preset=&#8220;default&#8220; background_color=&#8220;#000000&#8243; global_colors_info=&#8220;{}&#8220; follow_button=&#8220;off&#8220; url_new_window=&#8220;on&#8220;]X[\/et_pb_social_media_follow_network][\/et_pb_social_media_follow][\/et_pb_column][\/et_pb_row][\/et_pb_section][et_pb_section fb_built=&#8220;1&#8243; _builder_version=&#8220;4.27.3&#8243; _module_preset=&#8220;default&#8220; background_color=&#8220;#FFFFFF&#8220; global_colors_info=&#8220;{}&#8220;][et_pb_row column_structure=&#8220;3_5,1_5,1_5&#8243; _builder_version=&#8220;4.27.3&#8243; _module_preset=&#8220;default&#8220; global_colors_info=&#8220;{}&#8220;][et_pb_column type=&#8220;3_5&#8243; _builder_version=&#8220;4.27.3&#8243; _module_preset=&#8220;default&#8220; global_colors_info=&#8220;{}&#8220;][et_pb_sidebar area=&#8220;sidebar-2&#8243; _builder_version=&#8220;4.27.3&#8243; _module_preset=&#8220;default&#8220; global_colors_info=&#8220;{}&#8220;][\/et_pb_sidebar][\/et_pb_column][et_pb_column type=&#8220;1_5&#8243; _builder_version=&#8220;4.27.3&#8243; _module_preset=&#8220;default&#8220; global_colors_info=&#8220;{}&#8220;][et_pb_sidebar area=&#8220;sidebar-3&#8243; _builder_version=&#8220;4.27.3&#8243; _module_preset=&#8220;default&#8220; global_colors_info=&#8220;{}&#8220;][\/et_pb_sidebar][\/et_pb_column][et_pb_column type=&#8220;1_5&#8243; _builder_version=&#8220;4.27.3&#8243; _module_preset=&#8220;default&#8220; global_colors_info=&#8220;{}&#8220;][et_pb_sidebar area=&#8220;sidebar-4&#8243; _builder_version=&#8220;4.27.3&#8243; _module_preset=&#8220;default&#8220; global_colors_info=&#8220;{}&#8220;][\/et_pb_sidebar][\/et_pb_column][\/et_pb_row][\/et_pb_section]<\/p>\n","protected":false},"excerpt":{"rendered":"<p>Der Sportverein Ramstedt wurde am 13.03.1987 gegr\u00fcndet. Urspr\u00fcnglich kam man damals zusammen, um Trikots anzuschaffen, denn es hatten sich einige Fu\u00dfballbegeisterte zusammengefunden, die gegen andere Mannschaften antreten wollten, und dies nat\u00fcrlich in standesgem\u00e4\u00dfer Kleidung. W\u00e4hrend dieser langen mit endlosen Diskussionen versehenen Versammlung entstand ein neuer Verein, der SV Ramstedt. Eine Sponsorin, die dem Verein Trainingsanz\u00fcge [&hellip;]<\/p>\n","protected":false},"author":2,"featured_media":0,"parent":0,"menu_order":0,"comment_status":"closed","ping_status":"closed","template":"","meta":{"_et_pb_use_builder":"on","_et_pb_old_content":"","_et_gb_content_width":"","footnotes":""},"class_list":["post-206","page","type-page","status-publish","hentry"],"_links":{"self":[{"href":"https:\/\/gemeinde-ramstedt.de\/index.php?rest_route=\/wp\/v2\/pages\/206","targetHints":{"allow":["GET"]}}],"collection":[{"href":"https:\/\/gemeinde-ramstedt.de\/index.php?rest_route=\/wp\/v2\/pages"}],"about":[{"href":"https:\/\/gemeinde-ramstedt.de\/index.php?rest_route=\/wp\/v2\/types\/page"}],"author":[{"embeddable":true,"href":"https:\/\/gemeinde-ramstedt.de\/index.php?rest_route=\/wp\/v2\/users\/2"}],"replies":[{"embeddable":true,"href":"https:\/\/gemeinde-ramstedt.de\/index.php?rest_route=%2Fwp%2Fv2%2Fcomments&post=206"}],"version-history":[{"count":5,"href":"https:\/\/gemeinde-ramstedt.de\/index.php?rest_route=\/wp\/v2\/pages\/206\/revisions"}],"predecessor-version":[{"id":405,"href":"https:\/\/gemeinde-ramstedt.de\/index.php?rest_route=\/wp\/v2\/pages\/206\/revisions\/405"}],"wp:attachment":[{"href":"https:\/\/gemeinde-ramstedt.de\/index.php?rest_route=%2Fwp%2Fv2%2Fmedia&parent=206"}],"curies":[{"name":"wp","href":"https:\/\/api.w.org\/{rel}","templated":true}]}}